{"id":67,"date":"2018-04-19T20:32:10","date_gmt":"2018-04-19T20:32:10","guid":{"rendered":"https:\/\/ecole-agile.com\/?page_id=67"},"modified":"2023-06-12T09:59:15","modified_gmt":"2023-06-12T09:59:15","slug":"admission","status":"publish","type":"page","link":"https:\/\/ecole-agile.com\/en\/admission\/","title":{"rendered":"Admissions"},"content":{"rendered":"<h2>Admissions criteria<\/h2>\n<p>The Agile school welcomes members aged 6 to 19 (autonomy in reading and writing needed) <strong>A new member may integrate into the school at any point throughout the year<\/strong>so long as there is a place. Age and gender balance must be respected.<br \/>We reserve the right to refuse an applicant if he is unable to fully participate in and respect the school\u2019s program as a self-directed, autonomous member of the school community.<\/p>\n<h2>Tuition Fees<\/h2>\n<p style=\"text-align: justify;\">Private schools are not subsidised by the state. Tuition fees are payable by the member\u2019s family in order that the school can cover all operational and management costs, as well as comply with French recognised standards.<\/p>\n<p style=\"text-align: justify;\">La cotisation annuelle \u00e0 l&rsquo;association est de 90\u20ac (au moment de l&rsquo;inscription) et les frais de scolarit\u00e9 de 4100\u20ac (soit 410 x 10 mois ou 342 x 12 mois). Il y a une r\u00e9duction par enfant suppl\u00e9mentaire (soit 3700\u20ac pour un 2\u00e8me enfant et 3300 pour un 3\u00e8me).<br \/>Tuition is pro-rated for students entering during the course of the year.<\/p>\n<h2>Admissions Process<\/h2>\n<ol>\n<li><strong>Interview:\u00a0<\/strong>Complete an interview request\u00a0<span style=\"color: #ffff00;\"><a href=\"https:\/\/docs.google.com\/forms\/d\/1V0-gU8BjP4Z6mVP7Tho8z_QBh5gGk6sYe_UqY6qUlMg\/viewform\" target=\"_blank\" rel=\"noopener noreferrer\">form.<\/a><\/span>Our admissions representative will contact you to schedule an interview. This is an opportunity for you and the prospective student\/s to meet the team, see the premises and ask questions. We provide an in-depth description of our educational practices and the philosophy of the school.<\/li>\n<li><strong>Enrolment:\u00a0<\/strong>Once the interview is successfully concluded, families may take as long as they feel necessary to decide before proceeding with enrolment. Families wishing to enrol must complete the enrolment pack; pay the first month\u2019s tuition fees and the membership fees.<\/li>\n<li><strong>Two week trial period:<\/strong> For your child, this two week trial in our community is an opportunity to engage in the school and get the experience they need to make an informed choice regarding their integration into the Agile School. For our community, it is also a time to see if the applicant is fully on-board with our philosophy and able to fit in.<\/li>\n<li><strong>Validating the prospective student\u2019s integration:\u00a0<\/strong>If the one month trial period is considered a success by both the applicant and the school community the registration process can be finalised.<\/li>\n<li><strong>Finalising the registration process:<\/strong>\u00a0the families must then get in touch with us and pay the tuition fees.<\/li>\n<\/ol>\n\n\n<p><\/p>","protected":false},"excerpt":{"rendered":"<p>L\u2019\u00e9cole accueille des membres de 5 \u00e0 19 ans. Ils peuvent int\u00e9grer l\u2019\u00e9cole \u00e0 tout moment de l\u2019ann\u00e9e, &#8230;<\/p>","protected":false},"author":137993404,"featured_media":1674,"parent":0,"menu_order":0,"comment_status":"closed","ping_status":"closed","template":"","meta":{"_coblocks_attr":"","_coblocks_dimensions":"","_coblocks_responsive_height":"","_coblocks_accordion_ie_support":"","_monsterinsights_skip_tracking":false,"_monsterinsights_sitenote_active":false,"_monsterinsights_sitenote_note":"","_monsterinsights_sitenote_category":0,"_EventAllDay":false,"_EventTimezone":"","_EventStartDate":"","_EventEndDate":"","_EventStartDateUTC":"","_EventEndDateUTC":"","_EventShowMap":false,"_EventShowMapLink":false,"_EventURL":"","_EventCost":"","_EventCostDescription":"","_EventCurrencySymbol":"","_EventCurrencyCode":"","_EventCurrencyPosition":"","_EventDateTimeSeparator":"","_EventTimeRangeSeparator":"","_EventOrganizerID":[],"_EventVenueID":[],"_OrganizerEmail":"","_OrganizerPhone":"","_OrganizerWebsite":"","_VenueAddress":"","_VenueCity":"","_VenueCountry":"","_VenueProvince":"","_VenueState":"","_VenueZip":"","_VenuePhone":"","_VenueURL":"","_VenueStateProvince":"","_VenueLat":"","_VenueLng":"","_VenueShowMap":false,"_VenueShowMapLink":false,"footnotes":""},"tags":[],"class_list":["post-67","page","type-page","status-publish","has-post-thumbnail","hentry","without-featured-image"],"jetpack_likes_enabled":true,"jetpack_sharing_enabled":true,"jetpack_shortlink":"https:\/\/wp.me\/P9QvIJ-15","amp_enabled":true,"_links":{"self":[{"href":"https:\/\/ecole-agile.com\/en\/wp-json\/wp\/v2\/pages\/67","targetHints":{"allow":["GET"]}}],"collection":[{"href":"https:\/\/ecole-agile.com\/en\/wp-json\/wp\/v2\/pages"}],"about":[{"href":"https:\/\/ecole-agile.com\/en\/wp-json\/wp\/v2\/types\/page"}],"author":[{"embeddable":true,"href":"https:\/\/ecole-agile.com\/en\/wp-json\/wp\/v2\/users\/137993404"}],"replies":[{"embeddable":true,"href":"https:\/\/ecole-agile.com\/en\/wp-json\/wp\/v2\/comments?post=67"}],"version-history":[{"count":24,"href":"https:\/\/ecole-agile.com\/en\/wp-json\/wp\/v2\/pages\/67\/revisions"}],"predecessor-version":[{"id":3247,"href":"https:\/\/ecole-agile.com\/en\/wp-json\/wp\/v2\/pages\/67\/revisions\/3247"}],"wp:featuredmedia":[{"embeddable":true,"href":"https:\/\/ecole-agile.com\/en\/wp-json\/wp\/v2\/media\/1674"}],"wp:attachment":[{"href":"https:\/\/ecole-agile.com\/en\/wp-json\/wp\/v2\/media?parent=67"}],"wp:term":[{"taxonomy":"post_tag","embeddable":true,"href":"https:\/\/ecole-agile.com\/en\/wp-json\/wp\/v2\/tags?post=67"}],"curies":[{"name":"wp","href":"https:\/\/api.w.org\/{rel}","templated":true}]}}