{"id":41,"date":"2018-04-19T20:29:48","date_gmt":"2018-04-19T20:29:48","guid":{"rendered":"https:\/\/ecole-agile.com\/?page_id=41"},"modified":"2019-04-19T13:20:03","modified_gmt":"2019-04-19T13:20:03","slug":"les-ceremonies","status":"publish","type":"page","link":"https:\/\/ecole-agile.com\/en\/les-ceremonies\/","title":{"rendered":"Agile Tools"},"content":{"rendered":"<style>#kt-layout-id_b0d7e8-e4 > .kt-row-column-wrap{align-content:start;}:where(#kt-layout-id_b0d7e8-e4 > .kt-row-column-wrap) > .wp-block-kadence-column{justify-content:start;}#kt-layout-id_b0d7e8-e4 > .kt-row-column-wrap{column-gap:var(--global-kb-gap-md, 2rem);row-gap:var(--global-kb-gap-md, 2rem);padding-top:var( --global-kb-row-default-top, 25px );padding-bottom:var( --global-kb-row-default-bottom, 25px );padding-top:var(--global-kb-spacing-sm, 1.5rem);padding-bottom:var(--global-kb-spacing-sm, 1.5rem);grid-template-columns:minmax(0, 1fr);}#kt-layout-id_b0d7e8-e4 > .kt-row-layout-overlay{opacity:0.30;}@media all and (max-width: 1024px){#kt-layout-id_b0d7e8-e4 > .kt-row-column-wrap{grid-template-columns:minmax(0, 1fr);}}@media all and (max-width: 767px){#kt-layout-id_b0d7e8-e4 > .kt-row-column-wrap{grid-template-columns:minmax(0, 1fr);}}<\/style>\n<div class=\"wp-block-kadence-rowlayout alignnone\"><div id=\"kt-layout-id_b0d7e8-e4\" class=\"kt-row-layout-inner  kt-layout-id_b0d7e8-e4\"><div class=\"kt-row-column-wrap kt-has-1-columns kt-gutter-default kt-v-gutter-default kt-row-valign-top kt-row-layout-equal kt-tab-layout-inherit kt-m-colapse-left-to-right kt-mobile-layout-row\"><style>.kadence-column_ec14c1-14 > .kt-inside-inner-col{border-top-width:0px;border-right-width:0px;border-bottom-width:0px;border-left-width:0px;}.kadence-column_ec14c1-14 > .kt-inside-inner-col,.kadence-column_ec14c1-14 > .kt-inside-inner-col:before{border-top-left-radius:0px;border-top-right-radius:0px;border-bottom-right-radius:0px;border-bottom-left-radius:0px;}.kadence-column_ec14c1-14 > .kt-inside-inner-col{column-gap:var(--global-kb-gap-sm, 1rem);}.kadence-column_ec14c1-14 > .kt-inside-inner-col{flex-direction:column;}.kadence-column_ec14c1-14 > .kt-inside-inner-col > .aligncenter{width:100%;}.kadence-column_ec14c1-14 > .kt-inside-inner-col:before{opacity:0.3;}.kadence-column_ec14c1-14{position:relative;}@media all and (max-width: 1024px){.kadence-column_ec14c1-14 > .kt-inside-inner-col{flex-direction:column;justify-content:center;}}@media all and (max-width: 767px){.kadence-column_ec14c1-14 > .kt-inside-inner-col{flex-direction:column;justify-content:center;}}<\/style>\n<div class=\"wp-block-kadence-column inner-column-1 kadence-column_ec14c1-14\"><div class=\"kt-inside-inner-col\">\n<p>(ALC) <a href=\"https:\/\/agilelearningcenters.org\/\">Agile Learning Centers<\/a> are a type of democratic school. Their educational approach is based on self-directed learning reinforced by agile management tools. <\/p>\n\n\n\n<p>L'Ecole Agile is a member of the ALC network. The vast majority of Agile Schools are located on the American continent (New York, Atlanta, Montr\u00e9al, Tampa,...) with a few located in Europe (Spain, Portugal). <a href=\"http:\/\/www.ecolealternative.com\/ecole-du-futur-les-15-ecoles-les-plus-innovantes-dans-le-monde\/\">Agile Learning Centers have been classified as one of the top 15 most innovative schools<\/a> alongside Steve Jobs school (source: Business insider, http:\/\/www.ecolealternative.com).<\/p>\n<\/div><\/div>\n<\/div><\/div><\/div>\n\n\n<style>#kt-layout-id_29ac26-bc > .kt-row-column-wrap{align-content:start;}:where(#kt-layout-id_29ac26-bc > .kt-row-column-wrap) > .wp-block-kadence-column{justify-content:start;}#kt-layout-id_29ac26-bc > .kt-row-column-wrap{column-gap:var(--global-kb-gap-md, 2rem);row-gap:var(--global-kb-gap-md, 2rem);padding-top:var( --global-kb-row-default-top, 25px );padding-bottom:var( --global-kb-row-default-bottom, 25px );padding-top:var(--global-kb-spacing-sm, 1.5rem);padding-bottom:var(--global-kb-spacing-sm, 1.5rem);grid-template-columns:minmax(0, 1fr);}#kt-layout-id_29ac26-bc > .kt-row-layout-overlay{opacity:0.30;}@media all and (max-width: 1024px){#kt-layout-id_29ac26-bc > .kt-row-column-wrap{grid-template-columns:minmax(0, 1fr);}}@media all and (max-width: 767px){#kt-layout-id_29ac26-bc > .kt-row-column-wrap{grid-template-columns:minmax(0, 1fr);}}<\/style>\n<div class=\"wp-block-kadence-rowlayout alignnone\"><div id=\"kt-layout-id_29ac26-bc\" class=\"kt-row-layout-inner  kt-layout-id_29ac26-bc\"><div class=\"kt-row-column-wrap kt-has-1-columns kt-gutter-default kt-v-gutter-default kt-row-valign-top kt-row-layout-equal kt-tab-layout-inherit kt-m-colapse-left-to-right kt-mobile-layout-row\"><style>.kadence-column_f27281-83 > .kt-inside-inner-col{border-top-width:0px;border-right-width:0px;border-bottom-width:0px;border-left-width:0px;}.kadence-column_f27281-83 > .kt-inside-inner-col,.kadence-column_f27281-83 > .kt-inside-inner-col:before{border-top-left-radius:0px;border-top-right-radius:0px;border-bottom-right-radius:0px;border-bottom-left-radius:0px;}.kadence-column_f27281-83 > .kt-inside-inner-col{column-gap:var(--global-kb-gap-sm, 1rem);}.kadence-column_f27281-83 > .kt-inside-inner-col{flex-direction:column;}.kadence-column_f27281-83 > .kt-inside-inner-col > .aligncenter{width:100%;}.kadence-column_f27281-83 > .kt-inside-inner-col:before{opacity:0.3;}.kadence-column_f27281-83{position:relative;}@media all and (max-width: 1024px){.kadence-column_f27281-83 > .kt-inside-inner-col{flex-direction:column;justify-content:center;}}@media all and (max-width: 767px){.kadence-column_f27281-83 > .kt-inside-inner-col{flex-direction:column;justify-content:center;}}<\/style>\n<div class=\"wp-block-kadence-column inner-column-1 kadence-column_f27281-83\"><div class=\"kt-inside-inner-col\">\n<figure class=\"wp-block-embed-youtube wp-block-embed is-type-video is-provider-youtube wp-embed-aspect-16-9 wp-has-aspect-ratio\"><div class=\"wp-block-embed__wrapper\">\n<span class=\"embed-youtube\" style=\"text-align:center; display: block;\"><iframe loading=\"lazy\" class=\"youtube-player\" width=\"825\" height=\"465\" src=\"https:\/\/www.youtube.com\/embed\/dqqCGBG3Uug?version=3&#038;rel=1&#038;showsearch=0&#038;showinfo=1&#038;iv_load_policy=1&#038;fs=1&#038;hl=en-GB&#038;autohide=2&#038;wmode=transparent\" allowfullscreen=\"true\" style=\"border:0;\" sandbox=\"allow-scripts allow-same-origin allow-popups allow-presentation allow-popups-to-escape-sandbox\"><\/iframe><\/span>\n<\/div><figcaption><a href=\"https:\/\/agilelearningcenters.org\/\">Agile Learning Centers <\/a><br><\/figcaption><\/figure>\n<\/div><\/div>\n<\/div><\/div><\/div>\n\n\n\n<p>In an Agile school, children of all ages are mixed. There is no hierarchy in knowledge or matter. No one subject is more important than the next as all learning is invaluable. \nAt the beginning of the week, each person states their daily intentions for the week and makes any requests for support they may need.<\/p>\n\n\n<ul>\n<li><strong>The weekly schedule (set-the-week):<\/strong> meeting to introduce and schedule the week. Each member suggests ideas, trips, projects, classes, games, scheduled films etc\u2026 These are offerings that become possibilities or plans. These are then posted on the weekly schedule board using post-its.<\/li>\n<\/ul>\n<p>\u00a0<\/p>\n<ul>\n<li><strong>The Daily Schedule:<\/strong> the<strong>\u00a0<a href=\"https:\/\/www.solution-gestion-projets.fr\/quest-ce-que-le-kanban\/\">kanban<\/a><\/strong><a href=\"https:\/\/www.solution-gestion-projets.fr\/quest-ce-que-le-kanban\/\">\u00a0<\/a>board outlines the daily offerings, their time and place. Again using post-its.<\/li>\n<\/ul>\n<p>\u00a0<\/p>\n<ul>\n<li><strong>The Closing meeting:<\/strong> At the end of each week school members come together and share how they have used their time. The meeting focuses on encountered and surmounted difficulties and achievements. This time allows us to update the school\u2019s life events book and assess each child\u2019s progress.  So, if a child changes school, has an interview for an internship or job we have collated the necessary written documentation detailing the child\u2019s level and abilities.<\/li>\n<\/ul>\n<p>\u00a0<\/p>","protected":false},"excerpt":{"rendered":"<p>Les Agile Learning Centers (ALC) sont un type d\u2019\u00e9coles d\u00e9mocratiques utilisant pour fonctionner la m\u00e9thodologie de management Agile, appliqu\u00e9e \u00e0 une \u00e9ducation auto-dirig\u00e9e. Notre \u00e9cole adh\u00e8re au mod\u00e8le p\u00e9dagogique des&hellip; <a href=\"https:\/\/ecole-agile.com\/en\/les-ceremonies\/\" class=\"more-link\">Continue reading <span class=\"screen-reader-text\">Agile Tools<\/span><\/a><\/p>","protected":false},"author":137993404,"featured_media":918,"parent":0,"menu_order":0,"comment_status":"closed","ping_status":"closed","template":"","meta":{"_coblocks_attr":"","_coblocks_dimensions":"","_coblocks_responsive_height":"","_coblocks_accordion_ie_support":"","_monsterinsights_skip_tracking":false,"_monsterinsights_sitenote_active":false,"_monsterinsights_sitenote_note":"","_monsterinsights_sitenote_category":0,"_EventAllDay":false,"_EventTimezone":"","_EventStartDate":"","_EventEndDate":"","_EventStartDateUTC":"","_EventEndDateUTC":"","_EventShowMap":false,"_EventShowMapLink":false,"_EventURL":"","_EventCost":"","_EventCostDescription":"","_EventCurrencySymbol":"","_EventCurrencyCode":"","_EventCurrencyPosition":"","_EventDateTimeSeparator":"","_EventTimeRangeSeparator":"","_EventOrganizerID":[],"_EventVenueID":[],"_OrganizerEmail":"","_OrganizerPhone":"","_OrganizerWebsite":"","_VenueAddress":"","_VenueCity":"","_VenueCountry":"","_VenueProvince":"","_VenueState":"","_VenueZip":"","_VenuePhone":"","_VenueURL":"","_VenueStateProvince":"","_VenueLat":"","_VenueLng":"","_VenueShowMap":false,"_VenueShowMapLink":false,"jetpack_post_was_ever_published":false,"footnotes":""},"tags":[],"class_list":["post-41","page","type-page","status-publish","has-post-thumbnail","hentry","without-featured-image"],"jetpack_likes_enabled":true,"jetpack_sharing_enabled":true,"jetpack_shortlink":"https:\/\/wp.me\/P9QvIJ-F","amp_enabled":true,"_links":{"self":[{"href":"https:\/\/ecole-agile.com\/en\/wp-json\/wp\/v2\/pages\/41","targetHints":{"allow":["GET"]}}],"collection":[{"href":"https:\/\/ecole-agile.com\/en\/wp-json\/wp\/v2\/pages"}],"about":[{"href":"https:\/\/ecole-agile.com\/en\/wp-json\/wp\/v2\/types\/page"}],"author":[{"embeddable":true,"href":"https:\/\/ecole-agile.com\/en\/wp-json\/wp\/v2\/users\/137993404"}],"replies":[{"embeddable":true,"href":"https:\/\/ecole-agile.com\/en\/wp-json\/wp\/v2\/comments?post=41"}],"version-history":[{"count":11,"href":"https:\/\/ecole-agile.com\/en\/wp-json\/wp\/v2\/pages\/41\/revisions"}],"predecessor-version":[{"id":931,"href":"https:\/\/ecole-agile.com\/en\/wp-json\/wp\/v2\/pages\/41\/revisions\/931"}],"wp:featuredmedia":[{"embeddable":true,"href":"https:\/\/ecole-agile.com\/en\/wp-json\/wp\/v2\/media\/918"}],"wp:attachment":[{"href":"https:\/\/ecole-agile.com\/en\/wp-json\/wp\/v2\/media?parent=41"}],"wp:term":[{"taxonomy":"post_tag","embeddable":true,"href":"https:\/\/ecole-agile.com\/en\/wp-json\/wp\/v2\/tags?post=41"}],"curies":[{"name":"wp","href":"https:\/\/api.w.org\/{rel}","templated":true}]}}