{"id":37,"date":"2018-04-19T20:29:41","date_gmt":"2018-04-19T20:29:41","guid":{"rendered":"https:\/\/ecole-agile.com\/?page_id=37"},"modified":"2019-03-10T10:43:20","modified_gmt":"2019-03-10T10:43:20","slug":"les-3-piliers","status":"publish","type":"page","link":"https:\/\/ecole-agile.com\/en\/les-3-piliers\/","title":{"rendered":"The 3 pillars"},"content":{"rendered":"<div class=\"fusion-two-third fusion-layout-column fusion-column-last fusion-spacing-yes\">\n<div class=\"fusion-column-wrapper\">\n<p class=\"jetpack-slideshow-noscript robots-nocontent\">This slideshow requires JavaScript.<\/p><div id=\"gallery-37-1-slideshow\" class=\"jetpack-slideshow-window jetpack-slideshow jetpack-slideshow-black\" data-trans=\"fade\" data-autostart=\"1\" data-gallery=\"[{&quot;src&quot;:&quot;https:\\\/\\\/i0.wp.com\\\/ecole-agile.com\\\/wp-content\\\/uploads\\\/2018\\\/04\\\/eudec-apprentissages-autonomes.png?fit=499%2C522\\u0026ssl=1&quot;,&quot;id&quot;:&quot;96&quot;,&quot;title&quot;:&quot;EUDEC \\u0026#8211; apprentissages autonomes&quot;,&quot;alt&quot;:&quot;&quot;,&quot;caption&quot;:&quot;&quot;,&quot;itemprop&quot;:&quot;image&quot;},{&quot;src&quot;:&quot;https:\\\/\\\/i0.wp.com\\\/ecole-agile.com\\\/wp-content\\\/uploads\\\/2018\\\/04\\\/eudec-multiage.png?fit=496%2C430\\u0026ssl=1&quot;,&quot;id&quot;:&quot;97&quot;,&quot;title&quot;:&quot;EUDEC \\u0026#8211; Multiage&quot;,&quot;alt&quot;:&quot;&quot;,&quot;caption&quot;:&quot;&quot;,&quot;itemprop&quot;:&quot;image&quot;},{&quot;src&quot;:&quot;https:\\\/\\\/i0.wp.com\\\/ecole-agile.com\\\/wp-content\\\/uploads\\\/2018\\\/04\\\/capture.png?fit=566%2C426\\u0026ssl=1&quot;,&quot;id&quot;:&quot;98&quot;,&quot;title&quot;:&quot;Capture&quot;,&quot;alt&quot;:&quot;&quot;,&quot;caption&quot;:&quot;&quot;,&quot;itemprop&quot;:&quot;image&quot;},{&quot;src&quot;:&quot;https:\\\/\\\/i0.wp.com\\\/ecole-agile.com\\\/wp-content\\\/uploads\\\/2018\\\/09\\\/school-counsel.png?fit=471%2C371\\u0026ssl=1&quot;,&quot;id&quot;:&quot;374&quot;,&quot;title&quot;:&quot;School counsel&quot;,&quot;alt&quot;:&quot;&quot;,&quot;caption&quot;:&quot;&quot;,&quot;itemprop&quot;:&quot;image&quot;},{&quot;src&quot;:&quot;https:\\\/\\\/i0.wp.com\\\/ecole-agile.com\\\/wp-content\\\/uploads\\\/2018\\\/09\\\/eudec-multiage-benefits.png?fit=413%2C375\\u0026ssl=1&quot;,&quot;id&quot;:&quot;373&quot;,&quot;title&quot;:&quot;eudec-multiage benefits&quot;,&quot;alt&quot;:&quot;&quot;,&quot;caption&quot;:&quot;&quot;,&quot;itemprop&quot;:&quot;image&quot;},{&quot;src&quot;:&quot;https:\\\/\\\/i0.wp.com\\\/ecole-agile.com\\\/wp-content\\\/uploads\\\/2018\\\/09\\\/eudec-autonomous-learning.png?fit=420%2C364\\u0026ssl=1&quot;,&quot;id&quot;:&quot;372&quot;,&quot;title&quot;:&quot;eudec-autonomous learning&quot;,&quot;alt&quot;:&quot;&quot;,&quot;caption&quot;:&quot;&quot;,&quot;itemprop&quot;:&quot;image&quot;}]\" itemscope itemtype=\"https:\/\/schema.org\/ImageGallery\"><\/div>\n<ol>\n<li>L&rsquo;Agilit\u00e9<\/li>\n<li>La D\u00e9mocratie<\/li>\n<li>Le Multi-\u00e2ge<\/li>\n<\/ol>\n<p><strong>L\u2019Ecole Agile<\/strong>\u00a0est une \u00e9cole d\u00e9mocratique qui s\u2019inspire des 350 \u00e9coles d\u00e9mocratiques dans le monde, dont la plus ancienne est\u00a0<a href=\"http:\/\/www.summerhillschool.co.uk\/\">Summerhill<\/a>\u00a0en Angleterre (100 ans). Les mod\u00e8les d\u2019\u00e9cole qui nous ont fa\u00e7onn\u00e9s en particulier sont : \u00a0la\u00a0<a href=\"http:\/\/www.sudval.org\/\" target=\"_blank\" rel=\"noopener noreferrer\">Sudbury Valley School\u00a0<\/a>fond\u00e9e en 1969 aux Etats-Unis et l&rsquo;<a href=\"https:\/\/ecole-democratique-paris.squarespace.com\/\">Ecole d\u00e9mocratique de Paris<\/a>, pour leur mod\u00e8le d\u00e9mocratique et leur ouverture sur le monde, l&rsquo;<a href=\"http:\/\/ecole-agile.com\/preinscription\/\">Ecole des Colibris<\/a>\u00a0d&rsquo;Isabelle Peloux pour la p\u00e9dagogie coop\u00e9rative et \u00ab\u00a0la sobri\u00e9t\u00e9 heureuse\u00a0\u00bb et enfin <a href=\"http:\/\/la-ferme-des-enfants.com\/\">la ferme des enfants<\/a> de Sophie Rabhi pour sa p\u00e9dagogie de l&rsquo;autonomie.<\/p>\n<p>La philosophie de ces \u00e9coles\u00a0repose sur l\u2019enti\u00e8re confiance dans les dispositions spontan\u00e9es des enfants \u00e0 s\u2019enthousiasmer naturellement pour les apprentissages. Un \u00e9l\u00e8ve, comme tout \u00eatre libre, s\u2019\u00e9panouira tant qu\u2019on le laissera exp\u00e9rimenter, vivre et approfondir librement ses centres d\u2019int\u00e9r\u00eats, sans limite dans le temps et dans l\u2019espace.<\/p>\n<\/div>\n<\/div>\n","protected":false},"excerpt":{"rendered":"<p>L&rsquo;Agilit\u00e9 La D\u00e9mocratie Le Multi-\u00e2ge L\u2019Ecole Agile\u00a0est une \u00e9cole d\u00e9mocratique qui s\u2019inspire des 350 \u00e9coles d\u00e9mocratiques dans le monde, dont la plus ancienne est\u00a0Summerhill\u00a0en Angleterre (100 ans). Les mod\u00e8les d\u2019\u00e9cole&hellip; <a href=\"https:\/\/ecole-agile.com\/en\/les-3-piliers\/\" class=\"more-link\">Continue reading <span class=\"screen-reader-text\">The 3 pillars<\/span><\/a><\/p>","protected":false},"author":137993404,"featured_media":0,"parent":0,"menu_order":0,"comment_status":"closed","ping_status":"closed","template":"","meta":{"_coblocks_attr":"","_coblocks_dimensions":"","_coblocks_responsive_height":"","_coblocks_accordion_ie_support":"","_monsterinsights_skip_tracking":false,"_monsterinsights_sitenote_active":false,"_monsterinsights_sitenote_note":"","_monsterinsights_sitenote_category":0,"_EventAllDay":false,"_EventTimezone":"","_EventStartDate":"","_EventEndDate":"","_EventStartDateUTC":"","_EventEndDateUTC":"","_EventShowMap":false,"_EventShowMapLink":false,"_EventURL":"","_EventCost":"","_EventCostDescription":"","_EventCurrencySymbol":"","_EventCurrencyCode":"","_EventCurrencyPosition":"","_EventDateTimeSeparator":"","_EventTimeRangeSeparator":"","_EventOrganizerID":[],"_EventVenueID":[],"_OrganizerEmail":"","_OrganizerPhone":"","_OrganizerWebsite":"","_VenueAddress":"","_VenueCity":"","_VenueCountry":"","_VenueProvince":"","_VenueState":"","_VenueZip":"","_VenuePhone":"","_VenueURL":"","_VenueStateProvince":"","_VenueLat":"","_VenueLng":"","_VenueShowMap":false,"_VenueShowMapLink":false,"footnotes":""},"tags":[],"class_list":["post-37","page","type-page","status-publish","hentry","without-featured-image"],"jetpack_likes_enabled":true,"jetpack_sharing_enabled":true,"jetpack_shortlink":"https:\/\/wp.me\/P9QvIJ-B","amp_enabled":true,"_links":{"self":[{"href":"https:\/\/ecole-agile.com\/en\/wp-json\/wp\/v2\/pages\/37","targetHints":{"allow":["GET"]}}],"collection":[{"href":"https:\/\/ecole-agile.com\/en\/wp-json\/wp\/v2\/pages"}],"about":[{"href":"https:\/\/ecole-agile.com\/en\/wp-json\/wp\/v2\/types\/page"}],"author":[{"embeddable":true,"href":"https:\/\/ecole-agile.com\/en\/wp-json\/wp\/v2\/users\/137993404"}],"replies":[{"embeddable":true,"href":"https:\/\/ecole-agile.com\/en\/wp-json\/wp\/v2\/comments?post=37"}],"version-history":[{"count":14,"href":"https:\/\/ecole-agile.com\/en\/wp-json\/wp\/v2\/pages\/37\/revisions"}],"predecessor-version":[{"id":703,"href":"https:\/\/ecole-agile.com\/en\/wp-json\/wp\/v2\/pages\/37\/revisions\/703"}],"wp:attachment":[{"href":"https:\/\/ecole-agile.com\/en\/wp-json\/wp\/v2\/media?parent=37"}],"wp:term":[{"taxonomy":"post_tag","embeddable":true,"href":"https:\/\/ecole-agile.com\/en\/wp-json\/wp\/v2\/tags?post=37"}],"curies":[{"name":"wp","href":"https:\/\/api.w.org\/{rel}","templated":true}]}}